{"id":494,"date":"2019-10-30T02:45:46","date_gmt":"2019-10-29T23:45:46","guid":{"rendered":"https:\/\/fedratr.com\/?page_id=494"},"modified":"2019-12-16T17:23:53","modified_gmt":"2019-12-16T14:23:53","slug":"kullanilmis-makineler","status":"publish","type":"page","link":"https:\/\/fedratr.com\/fr\/kullanilmis-makineler\/","title":{"rendered":"Kullan\u0131lm\u0131\u015f Makineler"},"content":{"rendered":"\t\t<div data-elementor-type=\"wp-post\" data-elementor-id=\"494\" class=\"elementor elementor-494\">\n\t\t\t\t\t\t<div class=\"elementor-inner\">\n\t\t\t\t<div class=\"elementor-section-wrap\">\n\t\t\t\t\t\t\t\t\t<section class=\"elementor-section elementor-top-section elementor-element elementor-element-2ba8d5e elementor-section-stretched elementor-section-boxed elementor-section-height-default elementor-section-height-default\" data-id=\"2ba8d5e\" data-element_type=\"section\" data-settings=\"{&quot;stretch_section&quot;:&quot;section-stretched&quot;}\">\n\t\t\t\t\t\t<div class=\"elementor-container elementor-column-gap-default\">\n\t\t\t\t\t\t\t<div class=\"elementor-row\">\n\t\t\t\t\t<div class=\"elementor-column elementor-col-100 elementor-top-column elementor-element elementor-element-c01e210\" data-id=\"c01e210\" data-element_type=\"column\">\n\t\t\t<div class=\"elementor-column-wrap elementor-element-populated\">\n\t\t\t\t\t\t\t<div class=\"elementor-widget-wrap\">\n\t\t\t\t\t\t<div class=\"elementor-element elementor-element-a36c9c9 elementor-widget elementor-widget-image\" data-id=\"a36c9c9\" data-element_type=\"widget\" data-widget_type=\"image.default\">\n\t\t\t\t<div class=\"elementor-widget-container\">\n\t\t\t\t\t\t\t\t<div class=\"elementor-image\">\n\t\t\t\t\t\t\t\t\t\t\t\t<img decoding=\"async\" width=\"1024\" height=\"75\" src=\"https:\/\/fedratr.com\/wp-content\/uploads\/2019\/10\/fedra-b\u00fct\u00fcn-sayfalar\u0131n-ba\u015f\u0131na-1024x75.jpg\" class=\"attachment-large size-large wp-image-397\" alt=\"\" loading=\"lazy\" srcset=\"https:\/\/fedratr.com\/wp-content\/uploads\/2019\/10\/fedra-b\u00fct\u00fcn-sayfalar\u0131n-ba\u015f\u0131na-1024x75.jpg 1024w, https:\/\/fedratr.com\/wp-content\/uploads\/2019\/10\/fedra-b\u00fct\u00fcn-sayfalar\u0131n-ba\u015f\u0131na-300x22.jpg 300w, https:\/\/fedratr.com\/wp-content\/uploads\/2019\/10\/fedra-b\u00fct\u00fcn-sayfalar\u0131n-ba\u015f\u0131na-768x56.jpg 768w, https:\/\/fedratr.com\/wp-content\/uploads\/2019\/10\/fedra-b\u00fct\u00fcn-sayfalar\u0131n-ba\u015f\u0131na.jpg 1920w\" sizes=\"(max-width: 1024px) 100vw, 1024px\" \/>\t\t\t\t\t\t\t\t\t\t\t\t\t\t<\/div>\n\t\t\t\t\t\t<\/div>\n\t\t\t\t<\/div>\n\t\t\t\t\t\t<\/div>\n\t\t\t\t\t<\/div>\n\t\t<\/div>\n\t\t\t\t\t\t\t\t<\/div>\n\t\t\t\t\t<\/div>\n\t\t<\/section>\n\t\t\t\t<section class=\"elementor-section elementor-top-section elementor-element elementor-element-86cb255 elementor-section-boxed elementor-section-height-default elementor-section-height-default\" data-id=\"86cb255\" data-element_type=\"section\">\n\t\t\t\t\t\t<div class=\"elementor-container elementor-column-gap-default\">\n\t\t\t\t\t\t\t<div class=\"elementor-row\">\n\t\t\t\t\t<div class=\"elementor-column elementor-col-100 elementor-top-column elementor-element elementor-element-4f7551b\" data-id=\"4f7551b\" data-element_type=\"column\">\n\t\t\t<div class=\"elementor-column-wrap elementor-element-populated\">\n\t\t\t\t\t\t\t<div class=\"elementor-widget-wrap\">\n\t\t\t\t\t\t<div class=\"elementor-element elementor-element-8068ea9 elementor-widget elementor-widget-heading\" data-id=\"8068ea9\" data-element_type=\"widget\" data-widget_type=\"heading.default\">\n\t\t\t\t<div class=\"elementor-widget-container\">\n\t\t\t<h2 class=\"elementor-heading-title elementor-size-default\">Kullan\u0131lm\u0131\u015f Makineler<\/h2>\t\t<\/div>\n\t\t\t\t<\/div>\n\t\t\t\t\t\t<\/div>\n\t\t\t\t\t<\/div>\n\t\t<\/div>\n\t\t\t\t\t\t\t\t<\/div>\n\t\t\t\t\t<\/div>\n\t\t<\/section>\n\t\t\t\t<section class=\"elementor-section elementor-top-section elementor-element elementor-element-0b8fa1d elementor-section-boxed elementor-section-height-default elementor-section-height-default\" data-id=\"0b8fa1d\" data-element_type=\"section\">\n\t\t\t\t\t\t<div class=\"elementor-container elementor-column-gap-default\">\n\t\t\t\t\t\t\t<div class=\"elementor-row\">\n\t\t\t\t\t<div class=\"elementor-column elementor-col-100 elementor-top-column elementor-element elementor-element-9cce663\" data-id=\"9cce663\" data-element_type=\"column\">\n\t\t\t<div class=\"elementor-column-wrap elementor-element-populated\">\n\t\t\t\t\t\t\t<div class=\"elementor-widget-wrap\">\n\t\t\t\t\t\t<div class=\"elementor-element elementor-element-0364f04 elementor-widget elementor-widget-heading\" data-id=\"0364f04\" data-element_type=\"widget\" data-widget_type=\"heading.default\">\n\t\t\t\t<div class=\"elementor-widget-container\">\n\t\t\t<h2 class=\"elementor-heading-title elementor-size-default\"><a href=\"https:\/\/www.fedratr.com\/urunlerimiz\/\">Bu b\u00f6l\u00fcm d\u00fczenleniyor di\u011fer \u00fcr\u00fcnlerimiz i\u00e7in t\u0131klay\u0131n...<\/a><\/h2>\t\t<\/div>\n\t\t\t\t<\/div>\n\t\t\t\t\t\t<\/div>\n\t\t\t\t\t<\/div>\n\t\t<\/div>\n\t\t\t\t\t\t\t\t<\/div>\n\t\t\t\t\t<\/div>\n\t\t<\/section>\n\t\t\t\t\t\t\t\t\t<\/div>\n\t\t\t<\/div>\n\t\t\t\t\t<\/div>\n\t\t","protected":false},"excerpt":{"rendered":"<p>Kullan\u0131lm\u0131\u015f Makineler Bu b\u00f6l\u00fcm d\u00fczenleniyor di\u011fer \u00fcr\u00fcnlerimiz i\u00e7in t\u0131klay\u0131n&#8230;<\/p>\n","protected":false},"author":1,"featured_media":0,"parent":0,"menu_order":0,"comment_status":"closed","ping_status":"closed","template":"","meta":{"site-sidebar-layout":"no-sidebar","site-content-layout":"page-builder","ast-global-header-display":"","ast-banner-title-visibility":"","ast-main-header-display":"","ast-hfb-above-header-display":"","ast-hfb-below-header-display":"","ast-hfb-mobile-header-display":"","site-post-title":"disabled","ast-breadcrumbs-content":"","ast-featured-img":"disabled","footer-sml-layout":"","theme-transparent-header-meta":"","adv-header-id-meta":"","stick-header-meta":"","header-above-stick-meta":"","header-main-stick-meta":"","header-below-stick-meta":""},"_links":{"self":[{"href":"https:\/\/fedratr.com\/fr\/wp-json\/wp\/v2\/pages\/494"}],"collection":[{"href":"https:\/\/fedratr.com\/fr\/wp-json\/wp\/v2\/pages"}],"about":[{"href":"https:\/\/fedratr.com\/fr\/wp-json\/wp\/v2\/types\/page"}],"author":[{"embeddable":true,"href":"https:\/\/fedratr.com\/fr\/wp-json\/wp\/v2\/users\/1"}],"replies":[{"embeddable":true,"href":"https:\/\/fedratr.com\/fr\/wp-json\/wp\/v2\/comments?post=494"}],"version-history":[{"count":8,"href":"https:\/\/fedratr.com\/fr\/wp-json\/wp\/v2\/pages\/494\/revisions"}],"predecessor-version":[{"id":694,"href":"https:\/\/fedratr.com\/fr\/wp-json\/wp\/v2\/pages\/494\/revisions\/694"}],"wp:attachment":[{"href":"https:\/\/fedratr.com\/fr\/wp-json\/wp\/v2\/media?parent=494"}],"curies":[{"name":"wp","href":"https:\/\/api.w.org\/{rel}","templated":true}]}}